{"id":36,"date":"2026-03-05T16:28:21","date_gmt":"2026-03-05T16:28:21","guid":{"rendered":"https:\/\/latroussederessources.fr\/?page_id=36"},"modified":"2026-03-28T15:19:45","modified_gmt":"2026-03-28T15:19:45","slug":"trouver-une-ressource","status":"publish","type":"page","link":"https:\/\/latroussederessources.fr\/index.php\/trouver-une-ressource\/","title":{"rendered":""},"content":{"rendered":"\n<h2 class=\"wp-block-heading has-accent-text-background-color has-background\">Trouver une ressource<\/h2>\n\n\n<p>Cette page rassemble l\u2019ensemble des ressources p\u00e9dagogiques disponibles sur le site. Elles peuvent \u00eatre utilis\u00e9es telles quelles ou adapt\u00e9es \u00e0 votre contexte d\u2019enseignement.<\/p>\n<p>Les ressources sont class\u00e9es par th\u00e9matique et accompagn\u00e9es de mots-cl\u00e9s pour faciliter la recherche.<\/p>\n\n\n<p class=\"has-custom-vert-profond-color has-accent-text-background-color has-text-color has-background has-link-color has-xx-large-font-size wp-elements-016b0db2eaa1e71dba2e448779da9005\"><strong>Explorer les ressources<\/strong><\/p>\n\n\n\n<div class=\"wp-block-query is-layout-flow wp-block-query-is-layout-flow\"><ul class=\"columns-3 R wp-block-post-template is-layout-grid wp-container-core-post-template-is-layout-6d3fbd8f wp-block-post-template-is-layout-grid\"><li class=\"wp-block-post post-123 ressource type-ressource status-publish hentry\">\n\n<div class=\"wp-block-group is-layout-flow wp-block-group-is-layout-flow\" style=\"padding-top:30px;padding-right:30px;padding-bottom:30px;padding-left:30px\"><h2 class=\"wp-block-post-title\"><a href=\"https:\/\/latroussederessources.fr\/index.php\/ressource\/jeu-les-pros-de-lorientation\/\" target=\"_self\" >Jeu Les Pros de l&rsquo;orientation<\/a><\/h2>\n\n<div class=\"wp-block-post-excerpt\"><p class=\"wp-block-post-excerpt__excerpt\">Ceci est un test on verra ce qu&rsquo;on met dedans apr\u00e8s on mettra des images, des tags, des cat\u00e9gories&#8230; <\/p><\/div>\n\n<div class=\"wp-block-post-date\"><time datetime=\"2026-03-05T17:02:17+00:00\">mars 5, 2026<\/time><\/div><\/div>\n\n<\/li><\/ul><\/div>\n","protected":false},"excerpt":{"rendered":"<p>Trouver une ressource Cette page rassemble l\u2019ensemble des ressources p\u00e9dagogiques disponibles sur le site. Elles peuvent \u00eatre utilis\u00e9es telles quelles ou adapt\u00e9es \u00e0 votre contexte d\u2019enseignement. Les ressources sont class\u00e9es par th\u00e9matique et accompagn\u00e9es de mots-cl\u00e9s pour faciliter la recherche. Explorer les ressources<\/p>\n","protected":false},"author":1,"featured_media":0,"parent":0,"menu_order":0,"comment_status":"closed","ping_status":"closed","template":"","meta":{"footnotes":""},"class_list":["post-36","page","type-page","status-publish","hentry"],"jetpack_sharing_enabled":true,"_links":{"self":[{"href":"https:\/\/latroussederessources.fr\/index.php\/wp-json\/wp\/v2\/pages\/36","targetHints":{"allow":["GET"]}}],"collection":[{"href":"https:\/\/latroussederessources.fr\/index.php\/wp-json\/wp\/v2\/pages"}],"about":[{"href":"https:\/\/latroussederessources.fr\/index.php\/wp-json\/wp\/v2\/types\/page"}],"author":[{"embeddable":true,"href":"https:\/\/latroussederessources.fr\/index.php\/wp-json\/wp\/v2\/users\/1"}],"replies":[{"embeddable":true,"href":"https:\/\/latroussederessources.fr\/index.php\/wp-json\/wp\/v2\/comments?post=36"}],"version-history":[{"count":12,"href":"https:\/\/latroussederessources.fr\/index.php\/wp-json\/wp\/v2\/pages\/36\/revisions"}],"predecessor-version":[{"id":126,"href":"https:\/\/latroussederessources.fr\/index.php\/wp-json\/wp\/v2\/pages\/36\/revisions\/126"}],"wp:attachment":[{"href":"https:\/\/latroussederessources.fr\/index.php\/wp-json\/wp\/v2\/media?parent=36"}],"curies":[{"name":"wp","href":"https:\/\/api.w.org\/{rel}","templated":true}]}}